{"id":2592,"date":"2019-05-22T16:23:55","date_gmt":"2019-05-22T15:23:55","guid":{"rendered":"http:\/\/aquasportdiving.com\/fr\/?page_id=2592"},"modified":"2019-08-25T14:29:39","modified_gmt":"2019-08-25T13:29:39","slug":"extended-range-ssi","status":"publish","type":"page","link":"https:\/\/aquasportdiving.com\/fr\/extended-range-ssi\/","title":{"rendered":"Extended Range SSI"},"content":{"rendered":"<p>Souhaitez-vous rester un peu plus longtemps, aller un peu plus profond ou explorer plus loin. Ces 3 formations sont pour vous.&nbsp;<\/p>\n<p>De nouvelles aventures au del\u00e0 des limites.&nbsp;<\/p>\n<h4><span style=\"color: #00ccff;\"><img loading=\"lazy\" class=\"alignleft wp-image-2595 size-medium\" src=\"http:\/\/aquasportdiving.com\/fr\/wp-content\/uploads\/2019\/05\/Capture-d\u2019\u00e9cran-2019-04-02-\u00e0-13.58.05-300x191.png\" alt=\"\" width=\"300\" height=\"191\" srcset=\"https:\/\/aquasportdiving.com\/fr\/wp-content\/uploads\/2019\/05\/Capture-d\u2019\u00e9cran-2019-04-02-\u00e0-13.58.05-300x191.png 300w, https:\/\/aquasportdiving.com\/fr\/wp-content\/uploads\/2019\/05\/Capture-d\u2019\u00e9cran-2019-04-02-\u00e0-13.58.05.png 554w\" sizes=\"(max-width: 300px) 100vw, 300px\" \/>Extanded Range Nitrox Diving<\/span><\/h4>\n<p>Ce programme permet d&rsquo;acqu\u00e9rir les connaissances et l&rsquo;exp\u00e9rience n\u00e9cessaires pour planifier et effectuer des plong\u00e9es avec une d\u00e9compression limit\u00e9e, jusqu&rsquo;\u00e0 une profondeur maximum de 40 m\u00e8tres, en utilisant des m\u00e9langes Nitrox jusqu&rsquo;\u00e0 50%. Ce programme vous permet d&rsquo;acqu\u00e9rir les techniques et les comp\u00e9tences Extended Range et peut \u00eatre effectu\u00e9 en utilisant une configuration standard avec une seule bouteille de plong\u00e9e. A l&rsquo;issue de ce programme, vous obtiendrez la certification Extended Range Nitrox Diving SSI.<\/p>\n<ul>\n<li>Pr\u00e9-requis&nbsp;: Certification Deep Diving,&nbsp;Certification Enriched Air Nitrox 40%<br \/>\n24 plong\u00e9es valid\u00e9es, un \u00e2ge minimum de 16 ans<\/li>\n<li>Dur\u00e9e : 3 journ\u00e9es<\/li>\n<li>Mat\u00e9riels p\u00e9dagogiques : Livre&nbsp;en ligne&nbsp;(inclus dans notre tarif)<\/li>\n<li>Prix : 449 euros<\/li>\n<\/ul>\n<p>&nbsp;<\/p>\n<h4><span style=\"color: #00ccff;\">Extanded Range<img loading=\"lazy\" class=\"alignright size-medium wp-image-2596\" src=\"http:\/\/aquasportdiving.com\/fr\/wp-content\/uploads\/2019\/05\/Capture-d\u2019\u00e9cran-2019-04-02-\u00e0-13.58.17-300x191.png\" alt=\"\" width=\"300\" height=\"191\" srcset=\"https:\/\/aquasportdiving.com\/fr\/wp-content\/uploads\/2019\/05\/Capture-d\u2019\u00e9cran-2019-04-02-\u00e0-13.58.17-300x191.png 300w, https:\/\/aquasportdiving.com\/fr\/wp-content\/uploads\/2019\/05\/Capture-d\u2019\u00e9cran-2019-04-02-\u00e0-13.58.17.png 554w\" sizes=\"(max-width: 300px) 100vw, 300px\" \/><\/span><b><\/b><\/h4>\n<p>Le programme Extended Range SSI vous permet de plonger \u00e0 une profondeur de 45 m\u00e8tres &nbsp;en utilisant des m\u00e9langes Nitrox jusqu&rsquo;\u00e0 100%. Ce programme peut \u00eatre r\u00e9alis\u00e9 en utilisant votre mat\u00e9riel de plong\u00e9e standard, une bouteille de grand volume avec une robinetterie en H ou en Y, ou avec un ensemble bi-bouteilles. A l&rsquo;issue de ce programme, vous obtiendrez la certification Extended Range SSI<\/p>\n<p>&nbsp;<\/p>\n<ul>\n<li>Pr\u00e9-requis&nbsp;: Certification Enriched Air Nitrox 40%,&nbsp;Certification Deep Diving<br \/>\n50 plong\u00e9es valid\u00e9es, un \u00e2ge minimum de 18 ans<\/li>\n<li>Dur\u00e9e : 5 journ\u00e9es<\/li>\n<li>Mat\u00e9riels p\u00e9dagogiques : Livre&nbsp;en ligne&nbsp;(inclus dans notre tarif)<\/li>\n<li>Prix : 649 euros<\/li>\n<\/ul>\n<p>&nbsp;<\/p>\n<h4><span style=\"color: #00ccff;\"><img loading=\"lazy\" class=\"alignleft size-medium wp-image-2597\" src=\"http:\/\/aquasportdiving.com\/fr\/wp-content\/uploads\/2019\/05\/Capture-d\u2019\u00e9cran-2019-04-02-\u00e0-13.57.28-300x191.png\" alt=\"\" width=\"300\" height=\"191\" srcset=\"https:\/\/aquasportdiving.com\/fr\/wp-content\/uploads\/2019\/05\/Capture-d\u2019\u00e9cran-2019-04-02-\u00e0-13.57.28-300x191.png 300w, https:\/\/aquasportdiving.com\/fr\/wp-content\/uploads\/2019\/05\/Capture-d\u2019\u00e9cran-2019-04-02-\u00e0-13.57.28.png 554w\" sizes=\"(max-width: 300px) 100vw, 300px\" \/>Technical Extanded Range<\/span><\/h4>\n<p>L&rsquo;objectif du programme Technical Extended Range SSI est d&rsquo;apporter aux plongeurs la formation n\u00e9cessaire pour planifier et r\u00e9aliser, en autonomie, des plong\u00e9es avec deux changements de gaz et des plong\u00e9es avec d\u00e9compression et paliers multiples, jusqu&rsquo;\u00e0 60 m\u00e8tres (200 pieds), en utilisant du mat\u00e9riel et des proc\u00e9dures de plong\u00e9e sp\u00e9cifiques, et accompagn\u00e9 d&rsquo;un bin\u00f4me \u00e9galement qualifi\u00e9. A l&rsquo;issue de ce programme, vous obtiendrez la certification Technical Extended Range SSI (avec ou sans Trimix).<\/p>\n<ul>\n<li>Pr\u00e9-requis&nbsp;:Certifications: Science of Diving, Diver Stress &amp; Rescue, Extended Range Diving ou Full Cave Diving ou Technical Wreck Diving,&nbsp;70 plong\u00e9es valid\u00e9es (Voir Standards de formation SSI),&nbsp;\u00e2ge minimum de 18 ans<\/li>\n<li>Dur\u00e9e : 5 journ\u00e9es<\/li>\n<li>Mat\u00e9riels p\u00e9dagogiques : Livre&nbsp;en ligne&nbsp;(inclus dans notre tarif)<\/li>\n<li>Prix : Nous consulter<\/li>\n<\/ul>\n<p>&nbsp;<\/p>\n<p>&nbsp;<\/p>\n","protected":false},"excerpt":{"rendered":"<p>Souhaitez-vous rester un peu plus longtemps, aller un peu plus profond ou explorer plus loin. Ces 3 formations sont pour<\/p>\n","protected":false},"author":2,"featured_media":0,"parent":0,"menu_order":0,"comment_status":"closed","ping_status":"closed","template":"","meta":[],"_links":{"self":[{"href":"https:\/\/aquasportdiving.com\/fr\/wp-json\/wp\/v2\/pages\/2592"}],"collection":[{"href":"https:\/\/aquasportdiving.com\/fr\/wp-json\/wp\/v2\/pages"}],"about":[{"href":"https:\/\/aquasportdiving.com\/fr\/wp-json\/wp\/v2\/types\/page"}],"author":[{"embeddable":true,"href":"https:\/\/aquasportdiving.com\/fr\/wp-json\/wp\/v2\/users\/2"}],"replies":[{"embeddable":true,"href":"https:\/\/aquasportdiving.com\/fr\/wp-json\/wp\/v2\/comments?post=2592"}],"version-history":[{"count":4,"href":"https:\/\/aquasportdiving.com\/fr\/wp-json\/wp\/v2\/pages\/2592\/revisions"}],"predecessor-version":[{"id":2681,"href":"https:\/\/aquasportdiving.com\/fr\/wp-json\/wp\/v2\/pages\/2592\/revisions\/2681"}],"wp:attachment":[{"href":"https:\/\/aquasportdiving.com\/fr\/wp-json\/wp\/v2\/media?parent=2592"}],"curies":[{"name":"wp","href":"https:\/\/api.w.org\/{rel}","templated":true}]}}