{"id":1850,"date":"2017-08-18T17:39:52","date_gmt":"2017-08-18T16:39:52","guid":{"rendered":"http:\/\/aquasportdiving.com\/fr\/?page_id=1850"},"modified":"2017-08-18T18:27:32","modified_gmt":"2017-08-18T17:27:32","slug":"histoire-de-sea-shepherd","status":"publish","type":"page","link":"https:\/\/aquasportdiving.com\/fr\/histoire-de-sea-shepherd\/","title":{"rendered":"Histoire de Sea Shepherd"},"content":{"rendered":"<p><a href=\"http:\/\/aquasportdiving.com\/fr\/wp-content\/uploads\/2017\/08\/Paul_Watson.jpg\"><img loading=\"lazy\" class=\"alignleft size-thumbnail wp-image-1888\" src=\"http:\/\/aquasportdiving.com\/fr\/wp-content\/uploads\/2017\/08\/Paul_Watson-150x150.jpg\" alt=\"Paul_Watson\" width=\"150\" height=\"150\" srcset=\"https:\/\/aquasportdiving.com\/fr\/wp-content\/uploads\/2017\/08\/Paul_Watson-150x150.jpg 150w, https:\/\/aquasportdiving.com\/fr\/wp-content\/uploads\/2017\/08\/Paul_Watson-298x300.jpg 298w, https:\/\/aquasportdiving.com\/fr\/wp-content\/uploads\/2017\/08\/Paul_Watson.jpg 496w\" sizes=\"(max-width: 150px) 100vw, 150px\" \/><\/a>Sea Shepherd Conservation Society a \u00e9t\u00e9 form\u00e9 en 1977 par le capitaine Paul Watson, un leader mondialement reconnu dans les questions environnementales et co-fondateur de Greenpeace. L&rsquo;objectif de l&rsquo;organisation \u00e9tait de prendre des mesures directes contre les op\u00e9rateurs ill\u00e9gaux qui d\u00e9truisaient la biodiversit\u00e9 marine des oc\u00e9ans du monde.<\/p>\n<p>Au cours de ses premi\u00e8res ann\u00e9es, l&rsquo;organisation relativement modeste a fait de grandes vagues: contester les baleiniers sovi\u00e9tiques dans le Pacifique, s&rsquo;opposer aux abattages de phoques au Canada et chasser les bateaux de p\u00eache \u00e9trangers ill\u00e9gaux des Grands Bancs. Sea Shepherd \u00e9tait \u00e9galement la seule organisation qui a contest\u00e9 les flottilles de filets d\u00e9rivants qui fonctionnaient hors de vue et hors de l&rsquo;esprit de la haute mer du Pacifique.<\/p>\n<p>En 2005, Sea Shepherd a lanc\u00e9 sa premi\u00e8re campagne contre la chasse \u00e0 la baleine dans <a href=\"http:\/\/aquasportdiving.com\/fr\/wp-content\/uploads\/2017\/08\/5117db7a5580d720c8973b8149b4d185-sea-shepard-marine-conservation.jpg\"><img loading=\"lazy\" class=\"alignright wp-image-1891 size-medium\" src=\"http:\/\/aquasportdiving.com\/fr\/wp-content\/uploads\/2017\/08\/5117db7a5580d720c8973b8149b4d185-sea-shepard-marine-conservation-228x300.jpg\" alt=\"5117db7a5580d720c8973b8149b4d185--sea-shepard-marine-conservation\" width=\"228\" height=\"300\" srcset=\"https:\/\/aquasportdiving.com\/fr\/wp-content\/uploads\/2017\/08\/5117db7a5580d720c8973b8149b4d185-sea-shepard-marine-conservation-228x300.jpg 228w, https:\/\/aquasportdiving.com\/fr\/wp-content\/uploads\/2017\/08\/5117db7a5580d720c8973b8149b4d185-sea-shepard-marine-conservation.jpg 500w\" sizes=\"(max-width: 228px) 100vw, 228px\" \/><\/a>l&rsquo;oc\u00e9an Austral pour intervenir directement contre la chasse ill\u00e9gale des baleines de la flotte japonaise. Depuis 1987, les chasseurs de baleines japonais ont massacr\u00e9 des baleines ill\u00e9galement dans l&rsquo;oc\u00e9an Austral, sous le couvert de \u00abrecherches scientifiques\u00bb. Le but de Sea Shepherd \u00e9tait simple : enfoncer \u00e9conomiquement la flotte baleini\u00e8re. Avec les ann\u00e9es Sea Shepherd s&rsquo;est renforc\u00e9, le nombre de baleines tu\u00e9es a \u00e9t\u00e9 r\u00e9duit et les profits des chasseurs de baleines ont connu une forte baisse.<\/p>\n<p>En 2014, la Cour internationale de justice des Nations Unies, la plus haute juridiction internationale, a rendu une d\u00e9cision qui changerait \u00e0 jamais le programme baleinier du Japon. Dans une majorit\u00e9 de 12-4, la Cour a statu\u00e9 que la JARPA II \u00e9tait en fait une op\u00e9ration commerciale ill\u00e9gale et, par cons\u00e9quent, a ordonn\u00e9 qu&rsquo;elle cesse imm\u00e9diatement.<\/p>\n<p><a href=\"http:\/\/aquasportdiving.com\/fr\/wp-content\/uploads\/2017\/08\/sea-shepherd-vessel-steve-irwin-heads-out-to-intercept-japanese-whalers.jpg\"><img loading=\"lazy\" class=\"alignleft wp-image-1889 size-medium\" src=\"http:\/\/aquasportdiving.com\/fr\/wp-content\/uploads\/2017\/08\/sea-shepherd-vessel-steve-irwin-heads-out-to-intercept-japanese-whalers-300x200.jpg\" alt=\"sea-shepherd-vessel-steve-irwin-heads-out-to-intercept-japanese-whalers\" width=\"300\" height=\"200\" srcset=\"https:\/\/aquasportdiving.com\/fr\/wp-content\/uploads\/2017\/08\/sea-shepherd-vessel-steve-irwin-heads-out-to-intercept-japanese-whalers-300x200.jpg 300w, https:\/\/aquasportdiving.com\/fr\/wp-content\/uploads\/2017\/08\/sea-shepherd-vessel-steve-irwin-heads-out-to-intercept-japanese-whalers-1024x682.jpg 1024w, https:\/\/aquasportdiving.com\/fr\/wp-content\/uploads\/2017\/08\/sea-shepherd-vessel-steve-irwin-heads-out-to-intercept-japanese-whalers.jpg 2000w\" sizes=\"(max-width: 300px) 100vw, 300px\" \/><\/a>Gr\u00e2ce aux efforts directs de Sea Shepherd, qui a soulev\u00e9 la question de la chasse \u00e0 la<br \/>\nbaleine ill\u00e9gale au Japon \u00e0 l&rsquo;attention internationale, l&rsquo;\u00e9t\u00e9 australien 2014-15 a \u00e9t\u00e9 le premier depuis 1986, o\u00f9 les baleines de l&rsquo;Antarctique ont pu nager librement, sans craindre la menace des harpons des baleiniers Japonais.<\/p>\n<p>En plus des campagnes de protection des baleines, les \u00e9quipes de Sea Shepherd ont travaill\u00e9 avec les gardes du parc des Galapagos, ont attir\u00e9 l&rsquo;attention sur l&rsquo;abattage annuel des dauphins \u00e0 Taiji au Japon, ont lutt\u00e9 contre la r\u00e9colte des requins en Australie, et des populations de tortues au Costa Rica et se sont oppos\u00e9es au plus grand massacre de mammif\u00e8res marins d&rsquo;Europe &#8211; la chasse inf\u00e2me des baleines pilotes et d&rsquo;autres petits c\u00e9tac\u00e9s dans les \u00eeles F\u00e9ro\u00e9.<\/p>\n<p>Aujourd&rsquo;hui, Sea Shepherd est devenu un mouvement mondial, et a maintenant neuf navires op\u00e9rant \u00e0 travers le monde.<\/p>\n","protected":false},"excerpt":{"rendered":"<p>Sea Shepherd Conservation Society a \u00e9t\u00e9 form\u00e9 en 1977 par le capitaine Paul Watson, un leader mondialement reconnu dans les<\/p>\n","protected":false},"author":2,"featured_media":0,"parent":0,"menu_order":0,"comment_status":"closed","ping_status":"closed","template":"","meta":[],"_links":{"self":[{"href":"https:\/\/aquasportdiving.com\/fr\/wp-json\/wp\/v2\/pages\/1850"}],"collection":[{"href":"https:\/\/aquasportdiving.com\/fr\/wp-json\/wp\/v2\/pages"}],"about":[{"href":"https:\/\/aquasportdiving.com\/fr\/wp-json\/wp\/v2\/types\/page"}],"author":[{"embeddable":true,"href":"https:\/\/aquasportdiving.com\/fr\/wp-json\/wp\/v2\/users\/2"}],"replies":[{"embeddable":true,"href":"https:\/\/aquasportdiving.com\/fr\/wp-json\/wp\/v2\/comments?post=1850"}],"version-history":[{"count":5,"href":"https:\/\/aquasportdiving.com\/fr\/wp-json\/wp\/v2\/pages\/1850\/revisions"}],"predecessor-version":[{"id":1951,"href":"https:\/\/aquasportdiving.com\/fr\/wp-json\/wp\/v2\/pages\/1850\/revisions\/1951"}],"wp:attachment":[{"href":"https:\/\/aquasportdiving.com\/fr\/wp-json\/wp\/v2\/media?parent=1850"}],"curies":[{"name":"wp","href":"https:\/\/api.w.org\/{rel}","templated":true}]}}