{"id":139,"date":"2014-06-29T17:40:51","date_gmt":"2014-06-29T16:40:51","guid":{"rendered":"http:\/\/aquasportdiving.com\/fr\/?page_id=139"},"modified":"2014-07-08T09:13:59","modified_gmt":"2014-07-08T08:13:59","slug":"sidemount","status":"publish","type":"page","link":"https:\/\/aquasportdiving.com\/fr\/formations\/specialites-padi\/sidemount\/","title":{"rendered":"Sidemount"},"content":{"rendered":"<h2><strong><span style=\"color: #00ccff;\">Un niveau sentiment de libert\u00e9<\/span><\/strong><\/h2>\n<p><span style=\"font-size: 16px;\"><a href=\"http:\/\/aquasportdiving.com\/fr\/wp-content\/uploads\/2014\/06\/Sidemount.jpeg\"><img loading=\"lazy\" class=\"alignright wp-image-436\" src=\"http:\/\/aquasportdiving.com\/fr\/wp-content\/uploads\/2014\/06\/Sidemount-300x225.jpeg\" alt=\"Plong\u00e9e Sidemont lanzarote\" width=\"250\" height=\"188\" srcset=\"https:\/\/aquasportdiving.com\/fr\/wp-content\/uploads\/2014\/06\/Sidemount-300x225.jpeg 300w, https:\/\/aquasportdiving.com\/fr\/wp-content\/uploads\/2014\/06\/Sidemount.jpeg 640w\" sizes=\"(max-width: 250px) 100vw, 250px\" \/><\/a><\/span>La plong\u00e9e Sidemount fut initialement con\u00e7ue comme un agencement sp\u00e9cifique de la plong\u00e9e sp\u00e9l\u00e9o, offrant une meilleure man\u0153uvrabilit\u00e9 dans les petits espaces. La plong\u00e9e sidemount connait un essor grandissant de part le monde.<\/p>\n<p>Le concept du harnais Sidemount ou portage \u00e0 l&rsquo;anglaise ou bien encore montage lat\u00e9ral est de porter les blocs sur les cot\u00e9s du corps, bien align\u00e9s aux flancs du plongeurs, les valves juste sous les aisselles. A l\u2019origine l\u2019id\u00e9e est d\u2019avoir deux bouteilles compl\u00e8tements ind\u00e9pendantes, offrant ainsi une compl\u00e8te redondance en source de gaz. Simple, adaptable, polyvalente, et ce sans les inconv\u00e9nients des configurations plus classiques de bi-bouteilles dans le dos : poids, pas d\u2019acc\u00e8s visible aux valves en cas de besoin, \u00e9l\u00e9ment rigide dans le dos\u2026 Aujourd\u2019hui plonger en \u00ab Sidemount \u00bb est aussi un choix d\u2019un grand nombre pour tout type de plong\u00e9e ! Cela offre une sensation in\u00e9galable de libert\u00e9 de mouvements et permet de r\u00e9aliser de multiples types de plong\u00e9es :<br \/>\nPlong\u00e9es Loisir : sur des sites simples, r\u00e9cr\u00e9atifs, avec un mat\u00e9riel minimaliste, id\u00e9al pour les plongeurs voyageurs.<br \/>\nPlong\u00e9es avanc\u00e9es : sp\u00e9l\u00e9o, profondes, TecRec, Trimix.<\/p>\n<table border=\"1\">\n<tbody>\n<tr>\n<td style=\"text-align: center;\" width=\"20%\">Jour<\/td>\n<td style=\"text-align: center;\" width=\"30%\">Th\u00e9orie<\/td>\n<td style=\"text-align: center;\" width=\"50%\">Pratique<\/td>\n<\/tr>\n<tr>\n<td style=\"text-align: center;\">Jour 1<\/td>\n<td style=\"text-align: center;\">\u00a0cours th\u00e9orique<\/td>\n<td>Ajustement et pr\u00e9paration de l&rsquo;\u00e9quipement<\/td>\n<\/tr>\n<tr>\n<td>\u00a0Jour 2<\/td>\n<td style=\"text-align: center;\">examen<\/td>\n<td>Plong\u00e9e 1 et 2 en milieu naturel<\/td>\n<\/tr>\n<tr>\n<td>\u00a0Jour 3<\/td>\n<td style=\"text-align: center;\">\u00a0corrig\u00e9<\/td>\n<td>Plong\u00e9e 3 et 4 en milieu naturel<\/td>\n<\/tr>\n<\/tbody>\n<\/table>\n<ul>\n<li>Pr\u00e9-requis : un \u00e2ge minimum de 15 ans, \u00eatre <a title=\"Padi Open Water Diver\" href=\"http:\/\/aquasportdiving.com\/fr\/formations\/sinitier\/padi-open-water-diver\/\" target=\"_blank\">PADI Open Water Diver<\/a> (ou niveau \u00e9quivalent) et remplir le <a title=\"Certificat m\u00e9dical\" href=\"http:\/\/aquasportdiving.com\/fr\/centre-de-plongee\/certificat-medical\/\" target=\"_blank\">questionnaire m\u00e9dical<\/a><\/li>\n<li>Dur\u00e9e : 3 journ\u00e9es<\/li>\n<li>D\u00e9roulement : Le cours se d\u00e9roule en 2 parties, une partie th\u00e9orique avec lecture du manuel et ses r\u00e9visions des connaissances et 3 plong\u00e9es en mer + 1 fun dive<\/li>\n<li>Mat\u00e9riel p\u00e9dagogique : fourni sur place<\/li>\n<li>Mat\u00e9riel n\u00e9cessaire : Gilet Sidemount, 2 d\u00e9tendeurs (2 premiers \u00e9tage, 2 deuxi\u00e8mes \u00e9tage dont un avec un tuyau long) Configuration Tec<\/li>\n<li>Supervision : PADI Instructeur<\/li>\n<li>Prix : 395 \u20ac<\/li>\n<\/ul>\n<p>&nbsp;<\/p>\n<p><strong><span style=\"color: #00ccff;\">Vous souhaitez essayer le Sidemount, participez \u00e0 une plong\u00e9e d\u00e9couverte.<\/span><\/strong><\/p>\n<p>D\u00e9couvrez une m\u00e9thode nouvelle et diff\u00e9rente pour configurer vos bouteilles de plong\u00e9e avec configuration lat\u00e9rale. Celle-ci vous donne une mani\u00e8re alternative d&rsquo;\u00eatre hydrodynamique sous l&rsquo;eau, un transport de l&rsquo;\u00e9quipement hors de l&rsquo;eau plus facile, la r\u00e9duction de la tension sur le bas du dos, une r\u00e9serve de gaz de secours ind\u00e9pendante, la possibilit\u00e9 de contr\u00f4ler tout l&rsquo;\u00e9quipement.<\/p>\n<p>Prix : 60 \u20ac<\/p>\n<p>&nbsp;<\/p>\n","protected":false},"excerpt":{"rendered":"<p>Un niveau sentiment de libert\u00e9 La plong\u00e9e Sidemount fut initialement con\u00e7ue comme un agencement sp\u00e9cifique de la plong\u00e9e sp\u00e9l\u00e9o, offrant<\/p>\n","protected":false},"author":1,"featured_media":0,"parent":82,"menu_order":15,"comment_status":"open","ping_status":"open","template":"","meta":[],"_links":{"self":[{"href":"https:\/\/aquasportdiving.com\/fr\/wp-json\/wp\/v2\/pages\/139"}],"collection":[{"href":"https:\/\/aquasportdiving.com\/fr\/wp-json\/wp\/v2\/pages"}],"about":[{"href":"https:\/\/aquasportdiving.com\/fr\/wp-json\/wp\/v2\/types\/page"}],"author":[{"embeddable":true,"href":"https:\/\/aquasportdiving.com\/fr\/wp-json\/wp\/v2\/users\/1"}],"replies":[{"embeddable":true,"href":"https:\/\/aquasportdiving.com\/fr\/wp-json\/wp\/v2\/comments?post=139"}],"version-history":[{"count":17,"href":"https:\/\/aquasportdiving.com\/fr\/wp-json\/wp\/v2\/pages\/139\/revisions"}],"predecessor-version":[{"id":826,"href":"https:\/\/aquasportdiving.com\/fr\/wp-json\/wp\/v2\/pages\/139\/revisions\/826"}],"up":[{"embeddable":true,"href":"https:\/\/aquasportdiving.com\/fr\/wp-json\/wp\/v2\/pages\/82"}],"wp:attachment":[{"href":"https:\/\/aquasportdiving.com\/fr\/wp-json\/wp\/v2\/media?parent=139"}],"curies":[{"name":"wp","href":"https:\/\/api.w.org\/{rel}","templated":true}]}}