{"id":108,"date":"2014-06-29T17:22:58","date_gmt":"2014-06-29T16:22:58","guid":{"rendered":"http:\/\/aquasportdiving.com\/fr\/?page_id=108"},"modified":"2014-07-04T18:10:09","modified_gmt":"2014-07-04T17:10:09","slug":"bateau","status":"publish","type":"page","link":"https:\/\/aquasportdiving.com\/fr\/formations\/specialites-padi\/bateau\/","title":{"rendered":"Bateau"},"content":{"rendered":"<h2><strong><span style=\"color: #00ccff;\">Trucs et astuces d&rsquo;un bateau !<\/span><\/strong><\/h2>\n<p><a href=\"http:\/\/aquasportdiving.com\/wp-content\/uploads\/2014\/06\/DSCN0251.jpg\"><img loading=\"lazy\" class=\"alignright wp-image-820\" src=\"http:\/\/aquasportdiving.com\/wp-content\/uploads\/2014\/06\/DSCN0251-300x225.jpg\" alt=\"sp\u00e9cialit\u00e9s Padi dive Lanzarote\" width=\"250\" height=\"188\" \/><\/a>Il y a tellement de bateaux diff\u00e9rents \u00e0 travers le monde que nous avons toujours \u00e0 apprendre. Plong\u00e9e depuis un bateau est un plaisir, surtout quand on regarde les autres \u00e0 la man\u0153uvre, cela l&rsquo;est encore plus quand on sait ce qu\u2019est une manoeuvre. Ce cours va vous apprendre les trucs et les astuces pour faire de la plong\u00e9e depuis un bateau que ce soit une petite structure gonflable ou un grand bateau, entrer et sortir de l\u2019eau en toute s\u00e9curit\u00e9, ranger votre mat\u00e9riel dans les zones les plus appropri\u00e9es, utiliser les lignes de surface pour commencer ou terminer vos plong\u00e9es et localiser l&rsquo;\u00e9quipement de base de s\u00e9curit\u00e9 du bateau.<\/p>\n<ul>\n<li>Pr\u00e9-requis : un \u00e2ge minimum de 10ans, \u00eatre <a title=\"Padi Open Water Diver\" href=\"http:\/\/aquasportdiving.com\/fr\/formations\/sinitier\/padi-open-water-diver\/\" target=\"_blank\">Open Water Diver <\/a>(ou niveau \u00e9quivalent) et remplir\u00a0le <a title=\"Certificat m\u00e9dical\" href=\"http:\/\/aquasportdiving.com\/fr\/centre-de-plongee\/certificat-medical\/\" target=\"_blank\">questionnaire m\u00e9dical<\/a><\/li>\n<li>Dur\u00e9e : 1 journ\u00e9e<\/li>\n<li>D\u00e9roulement : Le cours se d\u00e9roule en 2 parties, une partie th\u00e9orique avec lecture du manuel et les r\u00e9visions des connaissances et 2 plong\u00e9es en mer<\/li>\n<li>Mat\u00e9riel p\u00e9dagogique : Manuel (inclus dans notre tarif)<\/li>\n<li>Supervision : PADI Instructeur<\/li>\n<li>Prix : 170 \u20ac<\/li>\n<\/ul>\n","protected":false},"excerpt":{"rendered":"<p>Trucs et astuces d&rsquo;un bateau ! Il y a tellement de bateaux diff\u00e9rents \u00e0 travers le monde que nous avons<\/p>\n","protected":false},"author":1,"featured_media":0,"parent":82,"menu_order":1,"comment_status":"closed","ping_status":"closed","template":"","meta":[],"_links":{"self":[{"href":"https:\/\/aquasportdiving.com\/fr\/wp-json\/wp\/v2\/pages\/108"}],"collection":[{"href":"https:\/\/aquasportdiving.com\/fr\/wp-json\/wp\/v2\/pages"}],"about":[{"href":"https:\/\/aquasportdiving.com\/fr\/wp-json\/wp\/v2\/types\/page"}],"author":[{"embeddable":true,"href":"https:\/\/aquasportdiving.com\/fr\/wp-json\/wp\/v2\/users\/1"}],"replies":[{"embeddable":true,"href":"https:\/\/aquasportdiving.com\/fr\/wp-json\/wp\/v2\/comments?post=108"}],"version-history":[{"count":4,"href":"https:\/\/aquasportdiving.com\/fr\/wp-json\/wp\/v2\/pages\/108\/revisions"}],"predecessor-version":[{"id":781,"href":"https:\/\/aquasportdiving.com\/fr\/wp-json\/wp\/v2\/pages\/108\/revisions\/781"}],"up":[{"embeddable":true,"href":"https:\/\/aquasportdiving.com\/fr\/wp-json\/wp\/v2\/pages\/82"}],"wp:attachment":[{"href":"https:\/\/aquasportdiving.com\/fr\/wp-json\/wp\/v2\/media?parent=108"}],"curies":[{"name":"wp","href":"https:\/\/api.w.org\/{rel}","templated":true}]}}