{"id":22,"date":"2014-06-28T18:11:38","date_gmt":"2014-06-28T17:11:38","guid":{"rendered":"http:\/\/aquasportdiving.com\/fr\/?page_id=22"},"modified":"2019-05-22T18:22:54","modified_gmt":"2019-05-22T17:22:54","slug":"lanzarote","status":"publish","type":"page","link":"http:\/\/aquasportdiving.com\/fr\/lanzarote\/","title":{"rendered":"Lanzarote, ile du printemps \u00e9ternel"},"content":{"rendered":"<p>Le paysage volcanique, les temp\u00e9ratures chaudes,&nbsp;les superbes plages sauvages,&nbsp;les petites&nbsp;criques et les falaises gigantesques font de Lanzarote un paradis pour les vacanciers toute l\u2019ann\u00e9e. Contrairement aux autres \u00eeles de l\u2019archipel des Canaries, Lanzarote a su garder son cot\u00e9 sauvage, ce qui en fait une&nbsp;destination incontournable.<\/p>\n<h3>&nbsp;<\/h3>\n<p>La pr\u00e9servation de l&rsquo;\u00eele est d\u00fb en grande partie au g\u00e9nie de l\u2019artiste mondialement connu C\u00e9sar Manrique, qui a jou\u00e9 un r\u00f4le important dans la croissance&nbsp;du tourisme \u00e0 Lanzarote, s\u2019assurant que tout d\u00e9veloppement se fasse en respectant&nbsp;la beaut\u00e9 naturelle de l\u2019\u00eele.<\/p>\n<p><a href=\"http:\/\/aquasportdiving.com\/wp-content\/uploads\/2014\/06\/coucher-de-soleil.jpg\"><img loading=\"lazy\" class=\"alignleft wp-image-294\" src=\"http:\/\/aquasportdiving.com\/wp-content\/uploads\/2014\/06\/coucher-de-soleil-300x225.jpg\" alt=\"coucher de soleil Lanzarote Diving\" width=\"275\" height=\"206\"\/><\/a>Avec une r\u00e9serve marine, un parc national et douze zones naturelles prot\u00e9g\u00e9es, la beaut\u00e9 authentique de Lanzarote est \u00e0 couper le souffle. &nbsp;En 1993, l\u2019UNESCO en a pris note, d\u00e9clarant toute l\u2019\u00eele \u00ab\u00a0R\u00e9serve de la biosph\u00e8re pour la protection et la conservation\u00a0\u00bb.<\/p>\n<p>Avec du soleil toute l\u2019ann\u00e9e, Lanzarote est une destination de vacances id\u00e9ale. Les temp\u00e9ratures descendent rarement en-dessous de 17 degr\u00e9s l\u2019hiver et atteignent 32 degr\u00e9s l\u2019\u00e9t\u00e9, avec la&nbsp;pluviom\u00e9trie la&nbsp;plus faible d&rsquo;Europe.<\/p>\n","protected":false},"excerpt":{"rendered":"<p>Le paysage volcanique, les temp\u00e9ratures chaudes,&nbsp;les superbes plages sauvages,&nbsp;les petites&nbsp;criques et les falaises gigantesques font de Lanzarote un paradis pour<\/p>\n","protected":false},"author":1,"featured_media":71,"parent":0,"menu_order":0,"comment_status":"closed","ping_status":"closed","template":"","meta":[],"_links":{"self":[{"href":"http:\/\/aquasportdiving.com\/fr\/wp-json\/wp\/v2\/pages\/22"}],"collection":[{"href":"http:\/\/aquasportdiving.com\/fr\/wp-json\/wp\/v2\/pages"}],"about":[{"href":"http:\/\/aquasportdiving.com\/fr\/wp-json\/wp\/v2\/types\/page"}],"author":[{"embeddable":true,"href":"http:\/\/aquasportdiving.com\/fr\/wp-json\/wp\/v2\/users\/1"}],"replies":[{"embeddable":true,"href":"http:\/\/aquasportdiving.com\/fr\/wp-json\/wp\/v2\/comments?post=22"}],"version-history":[{"count":6,"href":"http:\/\/aquasportdiving.com\/fr\/wp-json\/wp\/v2\/pages\/22\/revisions"}],"predecessor-version":[{"id":2608,"href":"http:\/\/aquasportdiving.com\/fr\/wp-json\/wp\/v2\/pages\/22\/revisions\/2608"}],"wp:featuredmedia":[{"embeddable":true,"href":"http:\/\/aquasportdiving.com\/fr\/wp-json\/wp\/v2\/media\/71"}],"wp:attachment":[{"href":"http:\/\/aquasportdiving.com\/fr\/wp-json\/wp\/v2\/media?parent=22"}],"curies":[{"name":"wp","href":"https:\/\/api.w.org\/{rel}","templated":true}]}}