{"id":2042,"date":"2018-01-02T12:10:07","date_gmt":"2018-01-02T11:10:07","guid":{"rendered":"http:\/\/aquasportdiving.com\/fr\/?page_id=2042"},"modified":"2021-12-28T12:15:06","modified_gmt":"2021-12-28T11:15:06","slug":"ssi-diver-stressrescue","status":"publish","type":"page","link":"http:\/\/aquasportdiving.com\/fr\/ssi\/ssi-diver-stressrescue\/","title":{"rendered":"Diver stress &#038; rescue"},"content":{"rendered":"<h5><strong><span style=\"color: #00ccff;\">Apprenez \u00e0 aider des plongeurs en difficult\u00e9\u2026<\/span><\/strong><\/h5>\n<p><a href=\"http:\/\/aquasportdiving.com\/fr\/wp-content\/uploads\/2018\/01\/Dive-stress.jpeg\"><img loading=\"lazy\" class=\"alignleft size-medium wp-image-2079\" src=\"http:\/\/aquasportdiving.com\/fr\/wp-content\/uploads\/2018\/01\/Dive-stress-300x202.jpeg\" alt=\"Dive stress\" width=\"300\" height=\"202\" srcset=\"http:\/\/aquasportdiving.com\/fr\/wp-content\/uploads\/2018\/01\/Dive-stress-300x202.jpeg 300w, http:\/\/aquasportdiving.com\/fr\/wp-content\/uploads\/2018\/01\/Dive-stress.jpeg 907w\" sizes=\"(max-width: 300px) 100vw, 300px\" \/><\/a>Le stress est l&rsquo;une des causes principales des accidents de plong\u00e9e et a un impact n\u00e9gatif sur les situations de sauvetage. Ce programme vous permet d&rsquo;acqu\u00e9rir les comp\u00e9tences et les connaissances n\u00e9cessaires pour reconna\u00eetre et g\u00e9rer le stress, pr\u00e9venir les accidents et r\u00e9agir correctement aux situations d&rsquo;urgence rencontr\u00e9es par les apn\u00e9istes. A l&rsquo;issue de ce programme, vous obtiendrez la certification de Sp\u00e9cialit\u00e9 Diver Stress et Rescue SSI<\/p>\n<ul>\n<li>Pr\u00e9-requis&nbsp;: \u00eatre Open water diver&nbsp;(ou dipl\u00f4me \u00e9quivalent), avoir suivi <a title=\"React Right (secours)\" href=\"http:\/\/aquasportdiving.com\/fr\/ssi\/react-right-secours\/\" target=\"_blank\" rel=\"noopener noreferrer\">un&nbsp;cours de 1er secours<\/a>&nbsp;&nbsp;depuis moins de 2 ans, un \u00e2ge minimum de 15 ans<\/li>\n<li>Dur\u00e9e : 3 journ\u00e9es<\/li>\n<li>D\u00e9roulement : Le cours comporte 3 parties, une partie th\u00e9orique avec la lecture de votre manuel en ligne, les r\u00e9visions des connaissances et un examen final. Les parties&nbsp;en milieux prot\u00e9g\u00e9 et naturel o\u00f9 nous mettrons en pratique des sc\u00e9narios<\/li>\n<li>Mat\u00e9riels p\u00e9dagogiques : Livre&nbsp;en ligne&nbsp;(inclus dans notre tarif)<\/li>\n<li>Prix : 205 euros<\/li>\n<\/ul>\n","protected":false},"excerpt":{"rendered":"<p>Apprenez \u00e0 aider des plongeurs en difficult\u00e9\u2026 Le stress est l&rsquo;une des causes principales des accidents de plong\u00e9e et a<\/p>\n","protected":false},"author":2,"featured_media":0,"parent":1967,"menu_order":0,"comment_status":"closed","ping_status":"closed","template":"","meta":[],"_links":{"self":[{"href":"http:\/\/aquasportdiving.com\/fr\/wp-json\/wp\/v2\/pages\/2042"}],"collection":[{"href":"http:\/\/aquasportdiving.com\/fr\/wp-json\/wp\/v2\/pages"}],"about":[{"href":"http:\/\/aquasportdiving.com\/fr\/wp-json\/wp\/v2\/types\/page"}],"author":[{"embeddable":true,"href":"http:\/\/aquasportdiving.com\/fr\/wp-json\/wp\/v2\/users\/2"}],"replies":[{"embeddable":true,"href":"http:\/\/aquasportdiving.com\/fr\/wp-json\/wp\/v2\/comments?post=2042"}],"version-history":[{"count":7,"href":"http:\/\/aquasportdiving.com\/fr\/wp-json\/wp\/v2\/pages\/2042\/revisions"}],"predecessor-version":[{"id":3466,"href":"http:\/\/aquasportdiving.com\/fr\/wp-json\/wp\/v2\/pages\/2042\/revisions\/3466"}],"up":[{"embeddable":true,"href":"http:\/\/aquasportdiving.com\/fr\/wp-json\/wp\/v2\/pages\/1967"}],"wp:attachment":[{"href":"http:\/\/aquasportdiving.com\/fr\/wp-json\/wp\/v2\/media?parent=2042"}],"curies":[{"name":"wp","href":"https:\/\/api.w.org\/{rel}","templated":true}]}}