{"id":1926,"date":"2017-08-18T17:38:23","date_gmt":"2017-08-18T16:38:23","guid":{"rendered":"http:\/\/aquasportdiving.com\/fr\/?page_id=1926"},"modified":"2017-08-18T18:26:44","modified_gmt":"2017-08-18T17:26:44","slug":"sea-shepherd-diver-certification","status":"publish","type":"page","link":"http:\/\/aquasportdiving.com\/fr\/sea-shepherd-diver-certification\/","title":{"rendered":"Sea Shepherd Diver Certification"},"content":{"rendered":"<p><a href=\"http:\/\/aquasportdiving.com\/fr\/wp-content\/uploads\/2017\/08\/plongeur_filet.jpg\"><img loading=\"lazy\" class=\"alignleft size-thumbnail wp-image-1930\" src=\"http:\/\/aquasportdiving.com\/fr\/wp-content\/uploads\/2017\/08\/plongeur_filet-150x150.jpg\" alt=\"OLYMPUS DIGITAL CAMERA\" width=\"150\" height=\"150\" \/><\/a>Chaque ann\u00e9e, dans le cadre de ses missions, <a href=\"http:\/\/dive.seashepherd.info\/index.php\/plongez-avec-nous\/participez-a-nos-campagnes\" target=\"_blank\">Sea Shepherd recrute des plongeurs<\/a>, les dipl\u00f4mes requis sont issus de la FFESSM ou du syst\u00e8me PADI ou reconnu \u00e9quivalent par la FFESSM. Pour les plongeurs n\u00b4ayant\u00a0pas plong\u00e9 depuis longtemps, Sea Shepherd demande aux plongeurs benevoles un certificat d\u00b4aptitude.<\/p>\n<p>Aquasport est dans la mesure de vous d\u00e9livrer ce certificat afin d\u2019attester\u00a0les comp\u00e9tences<a href=\"http:\/\/aquasportdiving.com\/fr\/wp-content\/uploads\/2017\/08\/dinghy_grece.jpg\"><img loading=\"lazy\" class=\"alignright size-thumbnail wp-image-1929\" src=\"http:\/\/aquasportdiving.com\/fr\/wp-content\/uploads\/2017\/08\/dinghy_grece-150x150.jpg\" alt=\"dinghy_grece\" width=\"150\" height=\"150\" \/><\/a> des plongeurs souhaitant embarquer sur une op\u00e9ration de Sea Shepherd.<\/p>\n<p>Pour vous inscrire, t\u00e9l\u00e9chargez le formulaire PDF ci-dessous, remplissez et scannez-le avant de l\u2019envoyez par mail \u00e0 <a href=\"mailto:dive@seashepherd.fr\" target=\"_blank\">dive@seashepherd.fr<\/a><\/p>\n<p>La certification se d\u00e9roule sur deux ou trois plong\u00e9es selon votre niveau de plong\u00e9e et son anciennet\u00e9.<\/p>\n<p style=\"text-align: center;\">[pdf-embedder url=\u00a0\u00bbhttp:\/\/aquasportdiving.com\/fr\/wp-content\/uploads\/2017\/08\/Demande-de-Certification.pdf\u00a0\u00bb]<\/p>\n","protected":false},"excerpt":{"rendered":"<p>Chaque ann\u00e9e, dans le cadre de ses missions, Sea Shepherd recrute des plongeurs, les dipl\u00f4mes requis sont issus de la<\/p>\n","protected":false},"author":2,"featured_media":0,"parent":0,"menu_order":0,"comment_status":"closed","ping_status":"open","template":"","meta":[],"_links":{"self":[{"href":"http:\/\/aquasportdiving.com\/fr\/wp-json\/wp\/v2\/pages\/1926"}],"collection":[{"href":"http:\/\/aquasportdiving.com\/fr\/wp-json\/wp\/v2\/pages"}],"about":[{"href":"http:\/\/aquasportdiving.com\/fr\/wp-json\/wp\/v2\/types\/page"}],"author":[{"embeddable":true,"href":"http:\/\/aquasportdiving.com\/fr\/wp-json\/wp\/v2\/users\/2"}],"replies":[{"embeddable":true,"href":"http:\/\/aquasportdiving.com\/fr\/wp-json\/wp\/v2\/comments?post=1926"}],"version-history":[{"count":4,"href":"http:\/\/aquasportdiving.com\/fr\/wp-json\/wp\/v2\/pages\/1926\/revisions"}],"predecessor-version":[{"id":1950,"href":"http:\/\/aquasportdiving.com\/fr\/wp-json\/wp\/v2\/pages\/1926\/revisions\/1950"}],"wp:attachment":[{"href":"http:\/\/aquasportdiving.com\/fr\/wp-json\/wp\/v2\/media?parent=1926"}],"curies":[{"name":"wp","href":"https:\/\/api.w.org\/{rel}","templated":true}]}}