{"id":169,"date":"2014-06-29T18:30:12","date_gmt":"2014-06-29T17:30:12","guid":{"rendered":"http:\/\/aquasportdiving.com\/fr\/?page_id=169"},"modified":"2014-07-04T18:07:50","modified_gmt":"2014-07-04T17:07:50","slug":"padi-junior-open-water-diver","status":"publish","type":"page","link":"http:\/\/aquasportdiving.com\/fr\/formations\/enfants\/padi-junior-open-water-diver\/","title":{"rendered":"PADI Junior Open Water Diver"},"content":{"rendered":"<h2><strong><span style=\"color: #00ccff;\">Toujours eu envie, c\u2019est ici que tout commence !<\/span><\/strong><\/h2>\n<p><a href=\"http:\/\/aquasportdiving.com\/wp-content\/uploads\/2014\/06\/Fiji10_367.jpg\"><img loading=\"lazy\" class=\"alignright wp-image-406 size-medium\" src=\"http:\/\/aquasportdiving.com\/wp-content\/uploads\/2014\/06\/Fiji10_367-199x300.jpg\" alt=\"Plong\u00e9e formation Lanzarote\" width=\"199\" height=\"300\" \/><\/a>Vous avez toujours eu envie d\u2019apprendre la plong\u00e9e, de vivre de nouvelles sensations ou tout simplement de d\u00e9couvrir les merveilles de nos oc\u00e9ans, lancez-vous ! Ce cours vous permet d\u2019explorer les fonds sous marins du monde entier et ceux jusqu&rsquo;\u00e0 12 m\u00e8tres pour les enfants de 10 et 11 ans et 18 m\u00e8tres \u00e0 partir de 12 ans.<\/p>\n<p>Pr\u00e9-requis : un \u00e2ge minimum de 10 ans et remplir le <a title=\"Certificat m\u00e9dical\" href=\"http:\/\/aquasportdiving.com\/fr\/centre-de-plongee\/certificat-medical\/\" target=\"_blank\">questionnaire m\u00e9dical<\/a><\/p>\n<ul>\n<li>Dur\u00e9e : 3-4 journ\u00e9es<\/li>\n<li>D\u00e9roulement : Le cours comporte 3 parties, une partie th\u00e9orique avec la lecture de votre manuel, les r\u00e9visions des connaissances et un examen final, la pratique en milieu prot\u00e9g\u00e9 d\u2019un ensemble d\u2019exercices de plong\u00e9e, puis 4 plong\u00e9es en mer pour mettre en application les techniques et d\u00e9couvrir la vie sous marine des r\u00e9cifs de Puerto del Carmen<\/li>\n<li>Mat\u00e9riel p\u00e9dagogique : Kit Open Water Diver (inclus dans notre tarif)<\/li>\n<li>Supervision : PADI Instructeur<\/li>\n<li>Prix : 395 \u20ac \u00a0 \u00a0En E-Learning : 290 \u20ac<\/li>\n<\/ul>\n<p><span style=\"color: #00ccff;\">Conseil Aquasport<\/span> : Avec le <a title=\"PADI e-learning\" href=\"http:\/\/aquasportdiving.com\/fr\/formations\/padi-e-learning\/\" target=\"_blank\">PADI e-Learning<\/a>, vous pouvez faire la th\u00e9orie de votre cours de plong\u00e9e de chez vous et \u00e0 tout moment du jour ou de la nuit !<\/p>\n<p><span style=\"color: #00ccff;\">Vous avez ador\u00e9 !<\/span> Am\u00e9liorez vos techniques de plong\u00e9e en passant une sp\u00e9cialit\u00e9 comme la <a title=\"Flottabilit\u00e9\" href=\"http:\/\/aquasportdiving.com\/fr\/formations\/specialites-padi\/flottabilite\/\" target=\"_blank\">Flottabilit\u00e9<\/a> ou faites\u00a0des plong\u00e9es suppl\u00e9mentaires pour renforcer vos acquis.<\/p>\n","protected":false},"excerpt":{"rendered":"<p>Toujours eu envie, c\u2019est ici que tout commence ! Vous avez toujours eu envie d\u2019apprendre la plong\u00e9e, de vivre de<\/p>\n","protected":false},"author":1,"featured_media":0,"parent":76,"menu_order":4,"comment_status":"closed","ping_status":"closed","template":"","meta":[],"_links":{"self":[{"href":"http:\/\/aquasportdiving.com\/fr\/wp-json\/wp\/v2\/pages\/169"}],"collection":[{"href":"http:\/\/aquasportdiving.com\/fr\/wp-json\/wp\/v2\/pages"}],"about":[{"href":"http:\/\/aquasportdiving.com\/fr\/wp-json\/wp\/v2\/types\/page"}],"author":[{"embeddable":true,"href":"http:\/\/aquasportdiving.com\/fr\/wp-json\/wp\/v2\/users\/1"}],"replies":[{"embeddable":true,"href":"http:\/\/aquasportdiving.com\/fr\/wp-json\/wp\/v2\/comments?post=169"}],"version-history":[{"count":6,"href":"http:\/\/aquasportdiving.com\/fr\/wp-json\/wp\/v2\/pages\/169\/revisions"}],"predecessor-version":[{"id":1149,"href":"http:\/\/aquasportdiving.com\/fr\/wp-json\/wp\/v2\/pages\/169\/revisions\/1149"}],"up":[{"embeddable":true,"href":"http:\/\/aquasportdiving.com\/fr\/wp-json\/wp\/v2\/pages\/76"}],"wp:attachment":[{"href":"http:\/\/aquasportdiving.com\/fr\/wp-json\/wp\/v2\/media?parent=169"}],"curies":[{"name":"wp","href":"https:\/\/api.w.org\/{rel}","templated":true}]}}