{"id":155,"date":"2014-06-29T18:13:49","date_gmt":"2014-06-29T17:13:49","guid":{"rendered":"http:\/\/aquasportdiving.com\/fr\/?page_id=155"},"modified":"2017-12-21T16:32:40","modified_gmt":"2017-12-21T15:32:40","slug":"padi-upgrade-du-scuba-a-lopen-water-diver","status":"publish","type":"page","link":"http:\/\/aquasportdiving.com\/fr\/formations\/padi\/padi-upgrade-du-scuba-a-lopen-water-diver\/","title":{"rendered":"Upgrade du Scuba \u00e0 l\u2019Open Water Diver"},"content":{"rendered":"<p><strong><span style=\"color: #00ccff; font-size: 1.8em; line-height: 1.5em;\">La continuit\u00e9\u2026<\/span><\/strong><\/p>\n<p><a href=\"http:\/\/aquasportdiving.com\/wp-content\/uploads\/2014\/06\/MSD_web_03.jpg\"><img loading=\"lazy\" class=\"alignright wp-image-240\" src=\"http:\/\/aquasportdiving.com\/wp-content\/uploads\/2014\/06\/MSD_web_03-300x199.jpg\" alt=\"OPEN WATER DIVER LANZAROTE\" width=\"250\" height=\"167\" \/><\/a>L\u00b4upgrade est la continuit\u00e9 de votre Scuba Diver pour devenir Open Water Diver et donc la possibilit\u00e9 de plonger jusqu&rsquo;\u00e0 18 m\u00e8tres. Vous d\u00e9couvrirez de nouvelles techniques de plong\u00e9e.<\/p>\n<p>Pr\u00e9-requis : un \u00e2ge minimum de 10 ans et remplir le questionnaire m\u00e9dical<\/p>\n<ul>\n<li>Dur\u00e9e : 2 journ\u00e9es<\/li>\n<li>D\u00e9roulement : Le cours comporte 3 parties, une partie th\u00e9orique avec la lecture des 2 derniers chapitres de votre manuel, les r\u00e9visions des connaissances et un examen final, la pratique en milieu prot\u00e9g\u00e9 d\u2019un ensemble d\u2019exercices de plong\u00e9e, puis 2 plong\u00e9es en mer pour mettre en application les techniques et d\u00e9couvrir la vie sous marine des r\u00e9cifs de Puerto del Carmen<\/li>\n<li>Prix : 195 \u20ac<\/li>\n<\/ul>\n<p><span style=\"color: #00ccff;\">Vous avez ador\u00e9 !<\/span> Am\u00e9liorez vos techniques de plong\u00e9e en passant une sp\u00e9cialit\u00e9 comme la <a title=\"Flottabilit\u00e9\" href=\"http:\/\/aquasportdiving.com\/fr\/flottabilite\/\" target=\"_blank\">Flottabilit\u00e9<\/a> ou faites\u00a0des plong\u00e9es suppl\u00e9mentaires pour renforcer vos acquis.<\/p>\n","protected":false},"excerpt":{"rendered":"<p>La continuit\u00e9\u2026 L\u00b4upgrade est la continuit\u00e9 de votre Scuba Diver pour devenir Open Water Diver et donc la possibilit\u00e9 de<\/p>\n","protected":false},"author":1,"featured_media":0,"parent":80,"menu_order":5,"comment_status":"closed","ping_status":"closed","template":"","meta":[],"_links":{"self":[{"href":"http:\/\/aquasportdiving.com\/fr\/wp-json\/wp\/v2\/pages\/155"}],"collection":[{"href":"http:\/\/aquasportdiving.com\/fr\/wp-json\/wp\/v2\/pages"}],"about":[{"href":"http:\/\/aquasportdiving.com\/fr\/wp-json\/wp\/v2\/types\/page"}],"author":[{"embeddable":true,"href":"http:\/\/aquasportdiving.com\/fr\/wp-json\/wp\/v2\/users\/1"}],"replies":[{"embeddable":true,"href":"http:\/\/aquasportdiving.com\/fr\/wp-json\/wp\/v2\/comments?post=155"}],"version-history":[{"count":6,"href":"http:\/\/aquasportdiving.com\/fr\/wp-json\/wp\/v2\/pages\/155\/revisions"}],"predecessor-version":[{"id":1985,"href":"http:\/\/aquasportdiving.com\/fr\/wp-json\/wp\/v2\/pages\/155\/revisions\/1985"}],"up":[{"embeddable":true,"href":"http:\/\/aquasportdiving.com\/fr\/wp-json\/wp\/v2\/pages\/80"}],"wp:attachment":[{"href":"http:\/\/aquasportdiving.com\/fr\/wp-json\/wp\/v2\/media?parent=155"}],"curies":[{"name":"wp","href":"https:\/\/api.w.org\/{rel}","templated":true}]}}