{"id":147,"date":"2014-06-29T18:09:53","date_gmt":"2014-06-29T17:09:53","guid":{"rendered":"http:\/\/aquasportdiving.com\/fr\/?page_id=147"},"modified":"2014-07-04T18:07:34","modified_gmt":"2014-07-04T17:07:34","slug":"padi-junior-advanced-open-water","status":"publish","type":"page","link":"http:\/\/aquasportdiving.com\/fr\/formations\/enfants\/padi-junior-advanced-open-water\/","title":{"rendered":"PADI Junior Advanced Open Water"},"content":{"rendered":"<h2><strong><span style=\"color: #00ccff;\">De nouvelles aventures\u2026<\/span><\/strong><\/h2>\n<p><a href=\"http:\/\/aquasportdiving.com\/wp-content\/uploads\/2014\/06\/IMG_4491-2.jpg\"><img loading=\"lazy\" class=\"alignright wp-image-445\" src=\"http:\/\/aquasportdiving.com\/wp-content\/uploads\/2014\/06\/IMG_4491-2-300x225.jpg\" alt=\"plong\u00e9e junior padi plong\u00e9e lanzarote\" width=\"250\" height=\"188\" \/><\/a>Vous souhaitez plonger la nuit, explorer une \u00e9pave, aller jusqu&rsquo;\u00e0 21 m\u00e8tres de profondeur et faire de jolies photos, ce niveau est fait pour vous. Au del\u00e0 de renforcer votre exp\u00e9rience de plongeur, il vous fera d\u00e9couvrir une autre fa\u00e7on de plonger. Nous choisirons ensemble 5 th\u00e8mes dont la Profonde et l\u2019Orientation qui sont obligatoires, parmi les 15 propos\u00e9s par Padi. Si vous n\u2019avez pas le temps d\u2019effectuer vos 5 plong\u00e9es, validez votre Adenture Diver avec 3 plong\u00e9es.<\/p>\n<ul>\n<li>Pr\u00e9-requis<em>\u00a0:<\/em>\u00a0\u00eatre PADI Junior\/ Open Water Diver (ou niveau \u00e9quivalent), un \u00e2ge minimum de 12 ans et remplir le <a title=\"Certificat m\u00e9dical\" href=\"http:\/\/aquasportdiving.com\/fr\/centre-de-plongee\/certificat-medical\/\" target=\"_blank\">questionnaire m\u00e9dical<\/a><\/li>\n<li>Dur\u00e9e : 2 journ\u00e9es pour l\u2019Adventure Diver, 3 journ\u00e9es pour l\u2019Advanced<\/li>\n<li>D\u00e9roulement : Le cours comporte 2 parties, une partie th\u00e9orique avec la lecture de votre manuel, les r\u00e9visions des connaissances et une partie en milieu naturel avec 3 (Adventure Diver) ou 5 (Advanced) plong\u00e9es ou nous mettrons en application quelques exercices afin d\u2019approfondir vos comp\u00e9tences<\/li>\n<li>Mat\u00e9riel p\u00e9dagogique\u00a0: Kit Advanced (inclus dans notre tarif)<\/li>\n<li>Supervision : PADI Instructeur<\/li>\n<li>Prix : 295 \u20ac \u00a0 \u00a0 Advendure Diver : 220\u00a0\u20ac<\/li>\n<\/ul>\n<p><span style=\"color: #00ccff;\">Conseil Aquasport !<\/span>\u00a0Achetez votre livre avant de venir et commencez la th\u00e9orie chez vous ainsi, vous profiterez pleinement de vos vacances.<\/p>\n<p>&nbsp;<\/p>\n","protected":false},"excerpt":{"rendered":"<p>De nouvelles aventures\u2026 Vous souhaitez plonger la nuit, explorer une \u00e9pave, aller jusqu&rsquo;\u00e0 21 m\u00e8tres de profondeur et faire de<\/p>\n","protected":false},"author":1,"featured_media":0,"parent":76,"menu_order":2,"comment_status":"closed","ping_status":"closed","template":"","meta":[],"_links":{"self":[{"href":"http:\/\/aquasportdiving.com\/fr\/wp-json\/wp\/v2\/pages\/147"}],"collection":[{"href":"http:\/\/aquasportdiving.com\/fr\/wp-json\/wp\/v2\/pages"}],"about":[{"href":"http:\/\/aquasportdiving.com\/fr\/wp-json\/wp\/v2\/types\/page"}],"author":[{"embeddable":true,"href":"http:\/\/aquasportdiving.com\/fr\/wp-json\/wp\/v2\/users\/1"}],"replies":[{"embeddable":true,"href":"http:\/\/aquasportdiving.com\/fr\/wp-json\/wp\/v2\/comments?post=147"}],"version-history":[{"count":4,"href":"http:\/\/aquasportdiving.com\/fr\/wp-json\/wp\/v2\/pages\/147\/revisions"}],"predecessor-version":[{"id":2187,"href":"http:\/\/aquasportdiving.com\/fr\/wp-json\/wp\/v2\/pages\/147\/revisions\/2187"}],"up":[{"embeddable":true,"href":"http:\/\/aquasportdiving.com\/fr\/wp-json\/wp\/v2\/pages\/76"}],"wp:attachment":[{"href":"http:\/\/aquasportdiving.com\/fr\/wp-json\/wp\/v2\/media?parent=147"}],"curies":[{"name":"wp","href":"https:\/\/api.w.org\/{rel}","templated":true}]}}