{"id":117,"date":"2014-06-29T17:28:34","date_gmt":"2014-06-29T16:28:34","guid":{"rendered":"http:\/\/aquasportdiving.com\/fr\/?page_id=117"},"modified":"2014-07-04T18:10:52","modified_gmt":"2014-07-04T17:10:52","slug":"equipement","status":"publish","type":"page","link":"http:\/\/aquasportdiving.com\/fr\/formations\/specialites-padi\/equipement\/","title":{"rendered":"Equipement"},"content":{"rendered":"<h2><strong><span style=\"color: #00ccff;\">Pour un mat\u00e9riel bien entretenu&#8230;<\/span><\/strong><\/h2>\n<p><a href=\"http:\/\/aquasportdiving.com\/wp-content\/uploads\/2014\/06\/image.jpeg\"><img loading=\"lazy\" class=\"alignright wp-image-441 size-medium\" src=\"http:\/\/aquasportdiving.com\/wp-content\/uploads\/2014\/06\/image-199x300.jpeg\" alt=\"Sp\u00e9cialit\u00e9 \u00e9quipement padi plong\u00e9e lanzarote\" width=\"199\" height=\"300\" \/><\/a>Ne ratez pas une plong\u00e9e \u00e0 cause d\u2019un probl\u00e8me d\u2019\u00e9quipement.\u2028 Que ce soit un joint qui rompt, une fuite du d\u00e9tendeur, une d\u00e9chirure de la combinaison humide ou une sangle de palme cass\u00e9e, vous pouvez apprendre \u00e0 effectuer des ajustements basiques du mat\u00e9riel de plong\u00e9e. En tant que Sp\u00e9cialiste PADI en mat\u00e9riel, vous \u00eates familiaris\u00e9 avec le fonctionnement, les principes, l\u2019ajustement et l&rsquo;entretien du mat\u00e9riel de plong\u00e9e courant. En outre, la formation vous transmet des informations int\u00e9ressantes qui vous aideront \u00e0 mieux choisir votre propre \u00e9quipement de plong\u00e9e.\u2028 En connaissant mieux le fonctionnement de votre \u00e9quipement de plong\u00e9e, vous serez plus \u00e0 l\u2019aise en l\u2019utilisant, profiterez davantage des performances de votre mat\u00e9riel et prendrez soin de votre mat\u00e9riel. Vous apprendrez la th\u00e9orie, les principes et fonctionnement du mat\u00e9riel de plong\u00e9e, les op\u00e9rations courantes, les soins d\u2019usage et les proc\u00e9dures d\u2019entretien recommand\u00e9es, le stockage de l\u2019\u00e9quipement, des suggestions simples permettant d\u2019avoir une configuration de mat\u00e9riel confortable.<\/p>\n<ul>\n<li>Pr\u00e9 requis : \u00eatre <a title=\"Padi Scuba Diver\" href=\"http:\/\/aquasportdiving.com\/fr\/formations\/sinitier\/padi-scuba-diver\/\" target=\"_blank\">PADI Scuba Diver<\/a> et avoir 10 ans<\/li>\n<li>Dur\u00e9e : \u00bd journ\u00e9e<\/li>\n<li>D\u00e9roulement : cours th\u00e9orique et lecture du manuel avec les r\u00e9visions des connaissances<\/li>\n<li>Mat\u00e9riel p\u00e9dagogique : Manuel (inclus dans notre tarif)<\/li>\n<li>Supervision : PADI Professionnel Instructeur<\/li>\n<li>Prix : 95 \u20ac<\/li>\n<\/ul>\n","protected":false},"excerpt":{"rendered":"<p>Pour un mat\u00e9riel bien entretenu&#8230; Ne ratez pas une plong\u00e9e \u00e0 cause d\u2019un probl\u00e8me d\u2019\u00e9quipement.\u2028 Que ce soit un joint<\/p>\n","protected":false},"author":1,"featured_media":0,"parent":82,"menu_order":5,"comment_status":"closed","ping_status":"closed","template":"","meta":[],"_links":{"self":[{"href":"http:\/\/aquasportdiving.com\/fr\/wp-json\/wp\/v2\/pages\/117"}],"collection":[{"href":"http:\/\/aquasportdiving.com\/fr\/wp-json\/wp\/v2\/pages"}],"about":[{"href":"http:\/\/aquasportdiving.com\/fr\/wp-json\/wp\/v2\/types\/page"}],"author":[{"embeddable":true,"href":"http:\/\/aquasportdiving.com\/fr\/wp-json\/wp\/v2\/users\/1"}],"replies":[{"embeddable":true,"href":"http:\/\/aquasportdiving.com\/fr\/wp-json\/wp\/v2\/comments?post=117"}],"version-history":[{"count":5,"href":"http:\/\/aquasportdiving.com\/fr\/wp-json\/wp\/v2\/pages\/117\/revisions"}],"predecessor-version":[{"id":785,"href":"http:\/\/aquasportdiving.com\/fr\/wp-json\/wp\/v2\/pages\/117\/revisions\/785"}],"up":[{"embeddable":true,"href":"http:\/\/aquasportdiving.com\/fr\/wp-json\/wp\/v2\/pages\/82"}],"wp:attachment":[{"href":"http:\/\/aquasportdiving.com\/fr\/wp-json\/wp\/v2\/media?parent=117"}],"curies":[{"name":"wp","href":"https:\/\/api.w.org\/{rel}","templated":true}]}}