{"id":113,"date":"2014-06-29T17:26:38","date_gmt":"2014-06-29T16:26:38","guid":{"rendered":"http:\/\/aquasportdiving.com\/fr\/?page_id=113"},"modified":"2014-07-04T18:10:31","modified_gmt":"2014-07-04T17:10:31","slug":"emergency-oxigen-provider","status":"publish","type":"page","link":"http:\/\/aquasportdiving.com\/fr\/formations\/specialites-padi\/emergency-oxigen-provider\/","title":{"rendered":"Emergency Oxigen Provider"},"content":{"rendered":"<h2><strong><span style=\"color: #00ccff;\">Devenir un meilleur bin\u00f4me<\/span><\/strong><\/h2>\n<p><a href=\"http:\/\/aquasportdiving.com\/wp-content\/uploads\/2014\/06\/EFR_print_031.jpg\"><img loading=\"lazy\" class=\"alignright wp-image-432 size-medium\" src=\"http:\/\/aquasportdiving.com\/wp-content\/uploads\/2014\/06\/EFR_print_031-200x300.jpg\" alt=\"Secourisme Padi plong\u00e9e lanzarote\" width=\"200\" height=\"300\" \/><\/a>Soyez pr\u00eat \u00e0 pouvoir aider votre compagnon de plong\u00e9e en cas d\u2019urgence en devenant un Emergency Oxygen Provider PADI. \u00catre le meilleur des bin\u00f4mes signifie aussi \u00eatre pr\u00e9par\u00e9 en\u00a0cas d\u2019urgence.<\/p>\n<ul>\n<li>Pr\u00e9-requis : Ce cours n&rsquo;a pas de conditions pr\u00e9alables et ne comprend pas de plong\u00e9es, ce qui signifie qu&rsquo;il est \u00e9galement destin\u00e9\u00a0aux amis non-plongeurs<\/li>\n<li>Dur\u00e9e :\u00a01\/2 journ\u00e9e<\/li>\n<li>D\u00e9roulement : Durant ce cours vous apprendrez \u00e0 reconna\u00eetre les maladies de plong\u00e9e traitables par l\u2019oxyg\u00e9noth\u00e9rapie, pr\u00e9parer correctement le mat\u00e9riel d\u2019oxyg\u00e9noth\u00e9rapie et administrer l\u2019oxyg\u00e8ne d\u2019urgence<\/li>\n<li>Mat\u00e9riel p\u00e9dagogique : Manuel (inclus dans notre tarif)<\/li>\n<li>Mat\u00e9riel n\u00e9cessaire : L\u2019\u00e9quipement de plong\u00e9e n\u2019est pas n\u00e9cessaire pour suivre ce cours<\/li>\n<li>Supervision : PADI Instructeur<\/li>\n<li>Prix : 95 \u20ac<\/li>\n<\/ul>\n","protected":false},"excerpt":{"rendered":"<p>Devenir un meilleur bin\u00f4me Soyez pr\u00eat \u00e0 pouvoir aider votre compagnon de plong\u00e9e en cas d\u2019urgence en devenant un Emergency<\/p>\n","protected":false},"author":1,"featured_media":0,"parent":82,"menu_order":3,"comment_status":"closed","ping_status":"closed","template":"","meta":[],"_links":{"self":[{"href":"http:\/\/aquasportdiving.com\/fr\/wp-json\/wp\/v2\/pages\/113"}],"collection":[{"href":"http:\/\/aquasportdiving.com\/fr\/wp-json\/wp\/v2\/pages"}],"about":[{"href":"http:\/\/aquasportdiving.com\/fr\/wp-json\/wp\/v2\/types\/page"}],"author":[{"embeddable":true,"href":"http:\/\/aquasportdiving.com\/fr\/wp-json\/wp\/v2\/users\/1"}],"replies":[{"embeddable":true,"href":"http:\/\/aquasportdiving.com\/fr\/wp-json\/wp\/v2\/comments?post=113"}],"version-history":[{"count":3,"href":"http:\/\/aquasportdiving.com\/fr\/wp-json\/wp\/v2\/pages\/113\/revisions"}],"predecessor-version":[{"id":783,"href":"http:\/\/aquasportdiving.com\/fr\/wp-json\/wp\/v2\/pages\/113\/revisions\/783"}],"up":[{"embeddable":true,"href":"http:\/\/aquasportdiving.com\/fr\/wp-json\/wp\/v2\/pages\/82"}],"wp:attachment":[{"href":"http:\/\/aquasportdiving.com\/fr\/wp-json\/wp\/v2\/media?parent=113"}],"curies":[{"name":"wp","href":"https:\/\/api.w.org\/{rel}","templated":true}]}}