{"id":110,"date":"2014-06-29T17:24:06","date_gmt":"2014-06-29T16:24:06","guid":{"rendered":"http:\/\/aquasportdiving.com\/fr\/?page_id=110"},"modified":"2014-07-04T18:10:24","modified_gmt":"2014-07-04T17:10:24","slug":"derive","status":"publish","type":"page","link":"http:\/\/aquasportdiving.com\/fr\/formations\/specialites-padi\/derive\/","title":{"rendered":"D\u00e9rive"},"content":{"rendered":"<h2><strong><span style=\"color: #00ccff;\">La plong\u00e9e Relax&#8230;<\/span><\/strong><\/h2>\n<p><a href=\"http:\/\/aquasportdiving.com\/wp-content\/uploads\/2014\/06\/MSD_print_021.jpg\"><img loading=\"lazy\" class=\"alignright wp-image-438\" src=\"http:\/\/aquasportdiving.com\/wp-content\/uploads\/2014\/06\/MSD_print_021-300x200.jpg\" alt=\"Specialit\u00e9s d\u00e9rive padi plong\u00e9e lANZAROTE\" width=\"250\" height=\"167\" \/><\/a>La Sp\u00e9cialit\u00e9 PADI de plong\u00e9e en d\u00e9rive vous permet de vivre l&rsquo;exp\u00e9rience sans effort la plus magique que vous ayez jamais v\u00e9cue. La plong\u00e9e en d\u00e9rive est relaxante;\u00a0vous vous laissez emmener sous l\u2019eau par le courant. Vous apprendrez la planification, l&rsquo;organisation, les proc\u00e9dures, les techniques, les probl\u00e8mes et les risques de la plong\u00e9e en d\u00e9rive. Vous assisterez \u00e0 une pr\u00e9sentation de l\u2019\u00e9quipement sp\u00e9cifique comme les flotteurs, les bouts, les d\u00e9vidoirs.<\/p>\n<ul>\n<li>Pr\u00e9-requis\u00a0: un \u00e2ge minimum de 10 ans, \u00eatre <a title=\"Padi Open Water Diver\" href=\"http:\/\/aquasportdiving.com\/fr\/formations\/sinitier\/padi-open-water-diver\/\" target=\"_blank\">Open Water Diver<\/a> (ou niveau \u00e9quivalent) et remplir le <a title=\"Certificat m\u00e9dical\" href=\"http:\/\/aquasportdiving.com\/fr\/centre-de-plongee\/certificat-medical\/\" target=\"_blank\">questionnaire m\u00e9dical<\/a><\/li>\n<li>Dur\u00e9e : 1 journ\u00e9e<\/li>\n<li>D\u00e9roulement : Le cours se d\u00e9roule en 2 parties, une partie th\u00e9orique avec lecture du manuel et les r\u00e9visions des connaissances et 2 plong\u00e9es en mer<\/li>\n<li>Mat\u00e9riel p\u00e9dagogique : Manuel (inclus dans notre tarif)<\/li>\n<li>Mat\u00e9riel n\u00e9cessaire : Bou\u00e9e (pr\u00eat\u00e9e par le club)<\/li>\n<li>Supervision : PADI Instructeur<\/li>\n<li>Prix : 135 \u20ac<\/li>\n<\/ul>\n<p><span style=\"color: #00ccff;\">Conseil Aquasport !<\/span> <a title=\"Flottabilit\u00e9\" href=\"http:\/\/aquasportdiving.com\/fr\/formations\/specialites-padi\/flottabilite\/\" target=\"_blank\">La sp\u00e9cialit\u00e9 Flottabilit\u00e9<\/a> est le parfait compl\u00e9ment de la sp\u00e9cialit\u00e9 D\u00e9rive.<\/p>\n","protected":false},"excerpt":{"rendered":"<p>La plong\u00e9e Relax&#8230; La Sp\u00e9cialit\u00e9 PADI de plong\u00e9e en d\u00e9rive vous permet de vivre l&rsquo;exp\u00e9rience sans effort la plus magique<\/p>\n","protected":false},"author":1,"featured_media":0,"parent":82,"menu_order":2,"comment_status":"closed","ping_status":"closed","template":"","meta":[],"_links":{"self":[{"href":"http:\/\/aquasportdiving.com\/fr\/wp-json\/wp\/v2\/pages\/110"}],"collection":[{"href":"http:\/\/aquasportdiving.com\/fr\/wp-json\/wp\/v2\/pages"}],"about":[{"href":"http:\/\/aquasportdiving.com\/fr\/wp-json\/wp\/v2\/types\/page"}],"author":[{"embeddable":true,"href":"http:\/\/aquasportdiving.com\/fr\/wp-json\/wp\/v2\/users\/1"}],"replies":[{"embeddable":true,"href":"http:\/\/aquasportdiving.com\/fr\/wp-json\/wp\/v2\/comments?post=110"}],"version-history":[{"count":4,"href":"http:\/\/aquasportdiving.com\/fr\/wp-json\/wp\/v2\/pages\/110\/revisions"}],"predecessor-version":[{"id":609,"href":"http:\/\/aquasportdiving.com\/fr\/wp-json\/wp\/v2\/pages\/110\/revisions\/609"}],"up":[{"embeddable":true,"href":"http:\/\/aquasportdiving.com\/fr\/wp-json\/wp\/v2\/pages\/82"}],"wp:attachment":[{"href":"http:\/\/aquasportdiving.com\/fr\/wp-json\/wp\/v2\/media?parent=110"}],"curies":[{"name":"wp","href":"https:\/\/api.w.org\/{rel}","templated":true}]}}